{"id":2046,"date":"2023-07-22T14:44:42","date_gmt":"2023-07-22T12:44:42","guid":{"rendered":"https:\/\/quedubled.ma\/?post_type=product&#038;p=2046"},"modified":"2023-08-02T12:00:27","modified_gmt":"2023-08-02T10:00:27","slug":"ensemble-de-the-marocain-fnayk-3-pieces","status":"publish","type":"product","link":"https:\/\/quedubled.ma\/?product=ensemble-de-the-marocain-fnayk-3-pieces","title":{"rendered":"Ensemble De Th\u00e9 Marocain ( Fnayk ) 3 Pi\u00e8ces"},"content":{"rendered":"<div class=\"group w-full text-gray-800 dark:text-gray-100 border-b border-black\/10 dark:border-gray-900\/50 bg-gray-50 dark:bg-[#444654]\">\n<div class=\"flex p-4 gap-4 text-base md:gap-6 md:max-w-2xl lg:max-w-[38rem] xl:max-w-3xl md:py-6 lg:px-0 m-auto\">\n<div class=\"relative flex w-[calc(100%-50px)] flex-col gap-1 md:gap-3 lg:w-[calc(100%-115px)]\">\n<div class=\"flex flex-grow flex-col gap-3\">\n<div class=\"min-h-[20px] flex items-start overflow-x-auto whitespace-pre-wrap break-words flex-col gap-4\">\n<div class=\"markdown prose w-full break-words dark:prose-invert light\">\n<p>Cet ensemble en cuivre est une v\u00e9ritable \u0153uvre d&rsquo;art artisanale, compos\u00e9 des trois tasses finement cisel\u00e9es avec des motifs marocains. Ajoutez une touche d&rsquo;authenticit\u00e9 et de raffinement \u00e0 vos moments de d\u00e9gustation de th\u00e9. Profitez de l&rsquo;esth\u00e9tique magnifique du cuivre et de ses propri\u00e9t\u00e9s thermiques pour savourer pleinement chaque gorg\u00e9e de th\u00e9. Parfait pour les c\u00e9r\u00e9monies du th\u00e9 entre amis ou en famille. Un must-have pour les amateurs de th\u00e9 et de belles cr\u00e9ations.<\/p>\n<\/div>\n<\/div>\n<\/div>\n<\/div>\n<\/div>\n<\/div>\n","protected":false},"excerpt":{"rendered":"<p>Cet ensemble en cuivre est une v\u00e9ritable \u0153uvre d&rsquo;art artisanale, compos\u00e9 des trois tasses finement cisel\u00e9es avec des motifs marocains. Ajoutez une touche d&rsquo;authenticit\u00e9 et de raffinement \u00e0 vos moments de d\u00e9gustation de th\u00e9. Profitez de l&rsquo;esth\u00e9tique magnifique du cuivre et de ses propri\u00e9t\u00e9s thermiques pour savourer pleinement chaque gorg\u00e9e de th\u00e9. Parfait pour les [&hellip;]<\/p>\n","protected":false},"featured_media":2111,"comment_status":"closed","ping_status":"closed","template":"","meta":{"site-sidebar-layout":"default","site-content-layout":"default","ast-site-content-layout":"default","site-content-style":"default","site-sidebar-style":"default","ast-global-header-display":"","ast-banner-title-visibility":"","ast-main-header-display":"","ast-hfb-above-header-display":"","ast-hfb-below-header-display":"","ast-hfb-mobile-header-display":"","site-post-title":"","ast-breadcrumbs-content":"","ast-featured-img":"","footer-sml-layout":"","ast-disable-related-posts":"","theme-transparent-header-meta":"default","adv-header-id-meta":"","stick-header-meta":"","header-above-stick-meta":"","header-main-stick-meta":"","header-below-stick-meta":"","astra-migrate-meta-layouts":"default","ast-page-background-enabled":"default","ast-page-background-meta":{"desktop":{"background-color":"","background-image":"","background-repeat":"repeat","background-position":"center center","background-size":"auto","background-attachment":"scroll","background-type":"","background-media":"","overlay-type":"","overlay-color":"","overlay-opacity":"","overlay-gradient":""},"tablet":{"background-color":"","background-image":"","background-repeat":"repeat","background-position":"center center","background-size":"auto","background-attachment":"scroll","background-type":"","background-media":"","overlay-type":"","overlay-color":"","overlay-opacity":"","overlay-gradient":""},"mobile":{"background-color":"","background-image":"","background-repeat":"repeat","background-position":"center center","background-size":"auto","background-attachment":"scroll","background-type":"","background-media":"","overlay-type":"","overlay-color":"","overlay-opacity":"","overlay-gradient":""}},"ast-content-background-meta":{"desktop":{"background-color":"var(--ast-global-color-5)","background-image":"","background-repeat":"repeat","background-position":"center center","background-size":"auto","background-attachment":"scroll","background-type":"","background-media":"","overlay-type":"","overlay-color":"","overlay-opacity":"","overlay-gradient":""},"tablet":{"background-color":"var(--ast-global-color-5)","background-image":"","background-repeat":"repeat","background-position":"center center","background-size":"auto","background-attachment":"scroll","background-type":"","background-media":"","overlay-type":"","overlay-color":"","overlay-opacity":"","overlay-gradient":""},"mobile":{"background-color":"var(--ast-global-color-5)","background-image":"","background-repeat":"repeat","background-position":"center center","background-size":"auto","background-attachment":"scroll","background-type":"","background-media":"","overlay-type":"","overlay-color":"","overlay-opacity":"","overlay-gradient":""}},"_joinchat":[]},"product_brand":[],"product_cat":[25,26],"product_tag":[],"class_list":{"0":"post-2046","1":"product","2":"type-product","3":"status-publish","4":"has-post-thumbnail","6":"product_cat-art-de-table","7":"product_cat-sucriers-beurriers-et-boites","8":"desktop-align-left","9":"tablet-align-left","10":"mobile-align-left","12":"first","13":"instock","14":"sale","15":"featured","16":"shipping-taxable","17":"purchasable","18":"product-type-variable"},"jetpack_sharing_enabled":true,"_links":{"self":[{"href":"https:\/\/quedubled.ma\/index.php?rest_route=\/wp\/v2\/product\/2046","targetHints":{"allow":["GET"]}}],"collection":[{"href":"https:\/\/quedubled.ma\/index.php?rest_route=\/wp\/v2\/product"}],"about":[{"href":"https:\/\/quedubled.ma\/index.php?rest_route=\/wp\/v2\/types\/product"}],"replies":[{"embeddable":true,"href":"https:\/\/quedubled.ma\/index.php?rest_route=%2Fwp%2Fv2%2Fcomments&post=2046"}],"wp:featuredmedia":[{"embeddable":true,"href":"https:\/\/quedubled.ma\/index.php?rest_route=\/wp\/v2\/media\/2111"}],"wp:attachment":[{"href":"https:\/\/quedubled.ma\/index.php?rest_route=%2Fwp%2Fv2%2Fmedia&parent=2046"}],"wp:term":[{"taxonomy":"product_brand","embeddable":true,"href":"https:\/\/quedubled.ma\/index.php?rest_route=%2Fwp%2Fv2%2Fproduct_brand&post=2046"},{"taxonomy":"product_cat","embeddable":true,"href":"https:\/\/quedubled.ma\/index.php?rest_route=%2Fwp%2Fv2%2Fproduct_cat&post=2046"},{"taxonomy":"product_tag","embeddable":true,"href":"https:\/\/quedubled.ma\/index.php?rest_route=%2Fwp%2Fv2%2Fproduct_tag&post=2046"}],"curies":[{"name":"wp","href":"https:\/\/api.w.org\/{rel}","templated":true}]}}